{"id":3854,"date":"2016-02-16T11:41:47","date_gmt":"2016-02-16T11:41:47","guid":{"rendered":"https:\/\/electro.madrasthemes.com\/my-account\/"},"modified":"2025-07-04T01:16:07","modified_gmt":"2025-07-04T01:16:07","slug":"my-account-2","status":"publish","type":"page","link":"https:\/\/lojas019.diamantetelecom.com.br\/?page_id=3854","title":{"rendered":"Minha conta"},"content":{"rendered":"<div class=\"woocommerce\">\t\t<div class=\"customer-login-form\">\n\t\t<span class=\"or-text\">ou<\/span><div class=\"woocommerce-notices-wrapper\"><\/div>\n\n<div class=\"u-columns col2-set\" id=\"customer_login\">\n\n\t<div class=\"u-column1 col-1\">\n\n\n\t\t<h2>Entrar<\/h2>\n\n\t\t<form class=\"woocommerce-form woocommerce-form-login login\" method=\"post\" novalidate>\n\n\t\t\t\t\t<p class=\"before-login-text\">\n\t\t\tBem-vindo de volta! Entre na sua conta.\t\t<\/p>\n\t\t\t<p class=\"woocommerce-form-row woocommerce-form-row--wide form-row form-row-wide\">\n\t\t\t\t<label for=\"username\">Nome de usu\u00e1rio ou e-mail&nbsp;<span class=\"required\" aria-hidden=\"true\">*<\/span><span class=\"screen-reader-text\">Obrigat\u00f3rio<\/span><\/label>\n\t\t\t\t<input type=\"text\" class=\"woocommerce-Input woocommerce-Input--text input-text\" name=\"username\" id=\"username\" autocomplete=\"username\" value=\"\" required aria-required=\"true\" \/>\t\t\t<\/p>\n\t\t\t<p class=\"woocommerce-form-row woocommerce-form-row--wide form-row form-row-wide\">\n\t\t\t\t<label for=\"password\">Senha&nbsp;<span class=\"required\" aria-hidden=\"true\">*<\/span><span class=\"screen-reader-text\">Obrigat\u00f3rio<\/span><\/label>\n\t\t\t\t<input class=\"woocommerce-Input woocommerce-Input--text input-text\" type=\"password\" name=\"password\" id=\"password\" autocomplete=\"current-password\" required aria-required=\"true\" \/>\n\t\t\t<\/p>\n\n\t\t\t\n\t\t\t<p class=\"form-row\">\n\t\t\t\t<label class=\"woocommerce-form__label woocommerce-form__label-for-checkbox woocommerce-form-login__rememberme\">\n\t\t\t\t\t<input class=\"woocommerce-form__input woocommerce-form__input-checkbox\" name=\"rememberme\" type=\"checkbox\" id=\"rememberme\" value=\"forever\" \/> <span>Lembre-me<\/span>\n\t\t\t\t<\/label>\n\t\t\t\t<input type=\"hidden\" id=\"woocommerce-login-nonce\" name=\"woocommerce-login-nonce\" value=\"68d3e9ca2f\" \/><input type=\"hidden\" name=\"_wp_http_referer\" value=\"\/index.php?rest_route=%2Fwp%2Fv2%2Fpages%2F3854\" \/>\t\t\t\t<button type=\"submit\" class=\"woocommerce-button button woocommerce-form-login__submit\" name=\"login\" value=\"Acessar\">Acessar<\/button>\n\t\t\t<\/p>\n\t\t\t<p class=\"woocommerce-LostPassword lost_password\">\n\t\t\t\t<a href=\"https:\/\/lojas019.diamantetelecom.com.br\/?page_id=3854&#038;lost-password\">Perdeu sua senha?<\/a>\n\t\t\t<\/p>\n\n\t\t\t\n\t\t<\/form>\n\n\n\t<\/div>\n\n\t<div class=\"u-column2 col-2\">\n\n\t\t<h2>Cadastre-se<\/h2>\n\n\t\t<form method=\"post\" class=\"woocommerce-form woocommerce-form-register register\"  >\n\n\t\t\t<p class=\"before-register-text\">\n\t\t\tCrie uma nova conta hoje para aproveitar os benef\u00edcios de uma experi\u00eancia de compra personalizada.\t\t<\/p>\n\t\t\t\n\t\t\t<p class=\"woocommerce-form-row woocommerce-form-row--wide form-row form-row-wide\">\n\t\t\t\t<label for=\"reg_email\">Endere\u00e7o de e-mail&nbsp;<span class=\"required\" aria-hidden=\"true\">*<\/span><span class=\"screen-reader-text\">Obrigat\u00f3rio<\/span><\/label>\n\t\t\t\t<input type=\"email\" class=\"woocommerce-Input woocommerce-Input--text input-text\" name=\"email\" id=\"reg_email\" autocomplete=\"email\" value=\"\" required aria-required=\"true\" \/>\t\t\t<\/p>\n\n\t\t\t\n\t\t\t\t<p>Um link para definir uma nova senha ser\u00e1 enviado para seu endere\u00e7o de e-mail.<\/p>\n\n\t\t\t\n\t\t\t<wc-order-attribution-inputs><\/wc-order-attribution-inputs><div class=\"woocommerce-privacy-policy-text\"><p>Os seus dados pessoais ser\u00e3o utilizados para melhorar a sua experi\u00eancia neste website, para gerir o acesso \u00e0 sua conta e para outros fins descritos na nossa Pol\u00edtica de Privacidade. <a href=\"https:\/\/lojas019.diamantetelecom.com.br\/?page_id=3\" class=\"woocommerce-privacy-policy-link\" target=\"_blank\">pol\u00edtica de privacidade<\/a>.<\/p>\n<\/div>\n\t\t\t<p class=\"woocommerce-form-row form-row\">\n\t\t\t\t<input type=\"hidden\" id=\"woocommerce-register-nonce\" name=\"woocommerce-register-nonce\" value=\"677c824a6c\" \/><input type=\"hidden\" name=\"_wp_http_referer\" value=\"\/index.php?rest_route=%2Fwp%2Fv2%2Fpages%2F3854\" \/>\t\t\t\t<button type=\"submit\" class=\"woocommerce-Button woocommerce-button button woocommerce-form-register__submit\" name=\"register\" value=\"Cadastre-se\">Cadastre-se<\/button>\n\t\t\t<\/p>\n\n\t\t\t<div class=\"register-benefits\">\n\t\t\t<h3>Inscreva-se hoje e voc\u00ea poder\u00e1:<\/h3>\t\t\t<ul>\n\t\t\t\t\t\t\t\t<li>Acelere sua finaliza\u00e7\u00e3o de compra<\/li>\n\t\t\t\t\t\t\t\t<li>Acompanhe seus pedidos facilmente<\/li>\n\t\t\t\t\t\t\t\t<li>Mantenha um registro de todas as suas compras<\/li>\n\t\t\t\t\t\t\t<\/ul>\n\t\t<\/div>\n\t\t<\/form>\n\n\t<\/div>\n\n<\/div>\n\n\t\t<\/div><!-- \/.customer-login-form -->\n\t\t<\/div>\n","protected":false},"excerpt":{"rendered":"","protected":false},"author":1,"featured_media":0,"parent":0,"menu_order":0,"comment_status":"closed","ping_status":"closed","template":"","meta":{"_acf_changed":false,"footnotes":""},"class_list":["post-3854","page","type-page","status-publish","hentry"],"acf":[],"_links":{"self":[{"href":"https:\/\/lojas019.diamantetelecom.com.br\/index.php?rest_route=\/wp\/v2\/pages\/3854","targetHints":{"allow":["GET"]}}],"collection":[{"href":"https:\/\/lojas019.diamantetelecom.com.br\/index.php?rest_route=\/wp\/v2\/pages"}],"about":[{"href":"https:\/\/lojas019.diamantetelecom.com.br\/index.php?rest_route=\/wp\/v2\/types\/page"}],"author":[{"embeddable":true,"href":"https:\/\/lojas019.diamantetelecom.com.br\/index.php?rest_route=\/wp\/v2\/users\/1"}],"replies":[{"embeddable":true,"href":"https:\/\/lojas019.diamantetelecom.com.br\/index.php?rest_route=%2Fwp%2Fv2%2Fcomments&post=3854"}],"version-history":[{"count":1,"href":"https:\/\/lojas019.diamantetelecom.com.br\/index.php?rest_route=\/wp\/v2\/pages\/3854\/revisions"}],"predecessor-version":[{"id":7473,"href":"https:\/\/lojas019.diamantetelecom.com.br\/index.php?rest_route=\/wp\/v2\/pages\/3854\/revisions\/7473"}],"wp:attachment":[{"href":"https:\/\/lojas019.diamantetelecom.com.br\/index.php?rest_route=%2Fwp%2Fv2%2Fmedia&parent=3854"}],"curies":[{"name":"wp","href":"https:\/\/api.w.org\/{rel}","templated":true}]}}